{"id":2875,"date":"2024-05-27T14:13:06","date_gmt":"2024-05-27T14:13:06","guid":{"rendered":"https:\/\/petifyrs.com\/?page_id=2875"},"modified":"2024-05-29T09:46:19","modified_gmt":"2024-05-29T09:46:19","slug":"politika-privatnosti","status":"publish","type":"page","link":"https:\/\/petifyrs.com\/en\/politika-privatnosti\/","title":{"rendered":"Privacy policy"},"content":{"rendered":"<div data-elementor-type=\"wp-page\" data-elementor-id=\"2875\" class=\"elementor elementor-2875\" data-elementor-post-type=\"page\">\n\t\t\t\t<div class=\"elementor-element elementor-element-2e518ad e-flex e-con-boxed e-con e-parent\" data-id=\"2e518ad\" data-element_type=\"container\" data-e-type=\"container\" data-settings=\"{&quot;background_background&quot;:&quot;classic&quot;}\">\n\t\t\t\t\t<div class=\"e-con-inner\">\n\t\t\t\t<div class=\"elementor-element elementor-element-f3d01f2 elementor-widget elementor-widget-heading\" data-id=\"f3d01f2\" data-element_type=\"widget\" data-e-type=\"widget\" data-widget_type=\"heading.default\">\n\t\t\t\t<div class=\"elementor-widget-container\">\n\t\t\t\t\t<h2 class=\"elementor-heading-title elementor-size-default\">Privacy policy<\/h2>\t\t\t\t<\/div>\n\t\t\t\t<\/div>\n\t\t\t\t<div class=\"elementor-element elementor-element-8e92d83 elementor-widget elementor-widget-text-editor\" data-id=\"8e92d83\" data-element_type=\"widget\" data-e-type=\"widget\" data-widget_type=\"text-editor.default\">\n\t\t\t\t<div class=\"elementor-widget-container\">\n\t\t\t\t\t\t\t\t\t<p><span dir=\"ltr\" role=\"presentation\">Hvala vam \u0161to<\/span> <span dir=\"ltr\" role=\"presentation\">pose\u0107ujete<\/span> <span dir=\"ltr\" role=\"presentation\">na\u0161 sajt. Va\u0161a privatnost je od velike va\u017enosti za nas. Ova Politika privatnosti<\/span><br role=\"presentation\" \/><span dir=\"ltr\" role=\"presentation\">obja\u0161njava koje vrste<\/span> <span dir=\"ltr\" role=\"presentation\">li\u010dnih<\/span> <span dir=\"ltr\" role=\"presentation\">podataka prikupljamo i kako ih koristimo.<\/span><\/p>\t\t\t\t\t\t\t\t<\/div>\n\t\t\t\t<\/div>\n\t\t\t\t<div class=\"elementor-element elementor-element-6cfe5a8 elementor-widget elementor-widget-heading\" data-id=\"6cfe5a8\" data-element_type=\"widget\" data-e-type=\"widget\" data-widget_type=\"heading.default\">\n\t\t\t\t<div class=\"elementor-widget-container\">\n\t\t\t\t\t<h3 class=\"elementor-heading-title elementor-size-default\">Who are we?<\/h3>\t\t\t\t<\/div>\n\t\t\t\t<\/div>\n\t\t\t\t<div class=\"elementor-element elementor-element-d2a8309 elementor-widget elementor-widget-text-editor\" data-id=\"d2a8309\" data-element_type=\"widget\" data-e-type=\"widget\" data-widget_type=\"text-editor.default\">\n\t\t\t\t<div class=\"elementor-widget-container\">\n\t\t\t\t\t\t\t\t\tAdresa na\u0161e veb lokacije je: <span style=\"color:#2A2A2A; font-weight:600\">https:\/\/petifyrs.com<\/span>\t\t\t\t\t\t\t\t<\/div>\n\t\t\t\t<\/div>\n\t\t\t\t<div class=\"elementor-element elementor-element-8d4db3f elementor-widget elementor-widget-heading\" data-id=\"8d4db3f\" data-element_type=\"widget\" data-e-type=\"widget\" data-widget_type=\"heading.default\">\n\t\t\t\t<div class=\"elementor-widget-container\">\n\t\t\t\t\t<h3 class=\"elementor-heading-title elementor-size-default\">Koje informacije prikupljamo?<\/h3>\t\t\t\t<\/div>\n\t\t\t\t<\/div>\n\t\t\t\t<div class=\"elementor-element elementor-element-a2bfef9 elementor-widget elementor-widget-text-editor\" data-id=\"a2bfef9\" data-element_type=\"widget\" data-e-type=\"widget\" data-widget_type=\"text-editor.default\">\n\t\t\t\t<div class=\"elementor-widget-container\">\n\t\t\t\t\t\t\t\t\t<p><span dir=\"ltr\" role=\"presentation\">Li\u010dni<\/span> <span dir=\"ltr\" role=\"presentation\">podaci:<\/span> <span dir=\"ltr\" role=\"presentation\">Kada koristite na\u0161 sajt, mo\u017eemo prikupljati<\/span> <span dir=\"ltr\" role=\"presentation\">odre\u0111ene<\/span> <span dir=\"ltr\" role=\"presentation\">li\u010dne<\/span> <span dir=\"ltr\" role=\"presentation\">podatke kao \u0161to su va\u0161e ime, e-<\/span><br role=\"presentation\" \/><span dir=\"ltr\" role=\"presentation\">mail adresa, adresa stanovanja, broj telefona i druge informacije koje dobrovoljno podelite s nama<\/span><br role=\"presentation\" \/><span dir=\"ltr\" role=\"presentation\">putem na\u0161e kontakt forme ili drugih formi na sajtu.<\/span><br role=\"presentation\" \/><span dir=\"ltr\" role=\"presentation\">Podaci o<\/span> <span dir=\"ltr\" role=\"presentation\">kori\u0161\u0107enju:<\/span> <span dir=\"ltr\" role=\"presentation\">Tako\u0111e<\/span> <span dir=\"ltr\" role=\"presentation\">mo\u017eemo prikupljati informacije o<\/span> <span dir=\"ltr\" role=\"presentation\">na\u010dinu<\/span> <span dir=\"ltr\" role=\"presentation\">na koji koristite na\u0161 sajt, kao \u0161to su<\/span><br role=\"presentation\" \/><span dir=\"ltr\" role=\"presentation\">IP adresa, vrsta<\/span> <span dir=\"ltr\" role=\"presentation\">pretra\u017eiva\u010da,<\/span> <span dir=\"ltr\" role=\"presentation\">vremenska zona, veb stranice koje<\/span> <span dir=\"ltr\" role=\"presentation\">pose\u0107ujete<\/span> <span dir=\"ltr\" role=\"presentation\">na na\u0161e sajtu, vreme<\/span><br role=\"presentation\" \/><span dir=\"ltr\" role=\"presentation\">provedeno na tim stranicama i druge<\/span> <span dir=\"ltr\" role=\"presentation\">statisti\u010dke<\/span> <span dir=\"ltr\" role=\"presentation\">informacije.<\/span><\/p>\t\t\t\t\t\t\t\t<\/div>\n\t\t\t\t<\/div>\n\t\t\t\t<div class=\"elementor-element elementor-element-5fefacc elementor-widget elementor-widget-heading\" data-id=\"5fefacc\" data-element_type=\"widget\" data-e-type=\"widget\" data-widget_type=\"heading.default\">\n\t\t\t\t<div class=\"elementor-widget-container\">\n\t\t\t\t\t<h3 class=\"elementor-heading-title elementor-size-default\">Kako koristimo va\u0161e informacije?<\/h3>\t\t\t\t<\/div>\n\t\t\t\t<\/div>\n\t\t\t\t<div class=\"elementor-element elementor-element-71b1fbd elementor-widget elementor-widget-text-editor\" data-id=\"71b1fbd\" data-element_type=\"widget\" data-e-type=\"widget\" data-widget_type=\"text-editor.default\">\n\t\t\t\t<div class=\"elementor-widget-container\">\n\t\t\t\t\t\t\t\t\t<p><span dir=\"ltr\" role=\"presentation\">Va\u0161e<\/span> <span dir=\"ltr\" role=\"presentation\">li\u010dne<\/span> <span dir=\"ltr\" role=\"presentation\">podatke koristimo samo u svrhe za koje su prikupljeni, kao \u0161to su odgovori na va\u0161e upite,<\/span><br role=\"presentation\" \/><span dir=\"ltr\" role=\"presentation\">zakazivanje usluga ili slanje relevantnih informacija koje ste zatra\u017eili.<\/span><br role=\"presentation\" \/><span dir=\"ltr\" role=\"presentation\">Podatke o<\/span> <span dir=\"ltr\" role=\"presentation\">kori\u0161\u0107enju<\/span> <span dir=\"ltr\" role=\"presentation\">koristimo radi analize kako bismo pobolj\u0161ali na\u0161 sajt i pru\u017eili bolje<\/span> <span dir=\"ltr\" role=\"presentation\">korisni\u010dko<\/span><br role=\"presentation\" \/><span dir=\"ltr\" role=\"presentation\">iskustvo.<\/span><\/p>\t\t\t\t\t\t\t\t<\/div>\n\t\t\t\t<\/div>\n\t\t\t\t<div class=\"elementor-element elementor-element-d56804c elementor-widget elementor-widget-heading\" data-id=\"d56804c\" data-element_type=\"widget\" data-e-type=\"widget\" data-widget_type=\"heading.default\">\n\t\t\t\t<div class=\"elementor-widget-container\">\n\t\t\t\t\t<h3 class=\"elementor-heading-title elementor-size-default\">Kako \u0161titimo va\u0161e informacije?<\/h3>\t\t\t\t<\/div>\n\t\t\t\t<\/div>\n\t\t\t\t<div class=\"elementor-element elementor-element-0b74042 elementor-widget elementor-widget-text-editor\" data-id=\"0b74042\" data-element_type=\"widget\" data-e-type=\"widget\" data-widget_type=\"text-editor.default\">\n\t\t\t\t<div class=\"elementor-widget-container\">\n\t\t\t\t\t\t\t\t\t<p><span dir=\"ltr\" role=\"presentation\">Va\u0161e<\/span> <span dir=\"ltr\" role=\"presentation\">li\u010dne<\/span> <span dir=\"ltr\" role=\"presentation\">podatke bezbedno<\/span> <span dir=\"ltr\" role=\"presentation\">\u010duvamo<\/span> <span dir=\"ltr\" role=\"presentation\">i \u0161titimo od<\/span> <span dir=\"ltr\" role=\"presentation\">neovla\u0161\u0107enog<\/span> <span dir=\"ltr\" role=\"presentation\">pristupa,<\/span> <span dir=\"ltr\" role=\"presentation\">kori\u0161\u0107enjem<\/span> <span dir=\"ltr\" role=\"presentation\">razli\u010ditih<\/span> <span dir=\"ltr\" role=\"presentation\">tehni\u010dkih<\/span><br role=\"presentation\" \/><span dir=\"ltr\" role=\"presentation\">i organizacionih mera.<\/span><\/p>\t\t\t\t\t\t\t\t<\/div>\n\t\t\t\t<\/div>\n\t\t\t\t<div class=\"elementor-element elementor-element-782827f elementor-widget elementor-widget-heading\" data-id=\"782827f\" data-element_type=\"widget\" data-e-type=\"widget\" data-widget_type=\"heading.default\">\n\t\t\t\t<div class=\"elementor-widget-container\">\n\t\t\t\t\t<h3 class=\"elementor-heading-title elementor-size-default\">Deljenje va\u0161ih informacija?<\/h3>\t\t\t\t<\/div>\n\t\t\t\t<\/div>\n\t\t\t\t<div class=\"elementor-element elementor-element-3ea0940 elementor-widget elementor-widget-text-editor\" data-id=\"3ea0940\" data-element_type=\"widget\" data-e-type=\"widget\" data-widget_type=\"text-editor.default\">\n\t\t\t\t<div class=\"elementor-widget-container\">\n\t\t\t\t\t\t\t\t\t<p><span dir=\"ltr\" role=\"presentation\">Va\u0161e<\/span> <span dir=\"ltr\" role=\"presentation\">li\u010dne<\/span> <span dir=\"ltr\" role=\"presentation\">podatke<\/span> <span dir=\"ltr\" role=\"presentation\">ne\u0107emo<\/span> <span dir=\"ltr\" role=\"presentation\">deliti, prodavati ili prenositi<\/span> <span dir=\"ltr\" role=\"presentation\">tre\u0107im<\/span> <span dir=\"ltr\" role=\"presentation\">stranama bez va\u0161eg pristanka, osim u<\/span><br role=\"presentation\" \/><span dir=\"ltr\" role=\"presentation\">slu\u010dajevima<\/span> <span dir=\"ltr\" role=\"presentation\">kada je to neophodno radi ispunjavanja zakonskih obaveza.<\/span><\/p>\t\t\t\t\t\t\t\t<\/div>\n\t\t\t\t<\/div>\n\t\t\t\t<div class=\"elementor-element elementor-element-52f5300 elementor-widget elementor-widget-heading\" data-id=\"52f5300\" data-element_type=\"widget\" data-e-type=\"widget\" data-widget_type=\"heading.default\">\n\t\t\t\t<div class=\"elementor-widget-container\">\n\t\t\t\t\t<h3 class=\"elementor-heading-title elementor-size-default\">Va\u0161a prava:<\/h3>\t\t\t\t<\/div>\n\t\t\t\t<\/div>\n\t\t\t\t<div class=\"elementor-element elementor-element-02a3e95 elementor-widget elementor-widget-text-editor\" data-id=\"02a3e95\" data-element_type=\"widget\" data-e-type=\"widget\" data-widget_type=\"text-editor.default\">\n\t\t\t\t<div class=\"elementor-widget-container\">\n\t\t\t\t\t\t\t\t\t<p><span dir=\"ltr\" role=\"presentation\">Imate pravo pristupa, ispravke, brisanja ili<\/span> <span dir=\"ltr\" role=\"presentation\">ograni\u010denja<\/span> <span dir=\"ltr\" role=\"presentation\">obrade va\u0161ih<\/span> <span dir=\"ltr\" role=\"presentation\">li\u010dnih<\/span> <span dir=\"ltr\" role=\"presentation\">podataka.<\/span> <span dir=\"ltr\" role=\"presentation\">Tako\u0111e<\/span> <span dir=\"ltr\" role=\"presentation\">imate pravo<\/span><br role=\"presentation\" \/><span dir=\"ltr\" role=\"presentation\">na prenosivost podataka i pravo da ulo\u017eite prigovor na obradu va\u0161ih podataka.<\/span><\/p>\t\t\t\t\t\t\t\t<\/div>\n\t\t\t\t<\/div>\n\t\t\t\t<div class=\"elementor-element elementor-element-9b2159c elementor-widget elementor-widget-heading\" data-id=\"9b2159c\" data-element_type=\"widget\" data-e-type=\"widget\" data-widget_type=\"heading.default\">\n\t\t\t\t<div class=\"elementor-widget-container\">\n\t\t\t\t\t<h3 class=\"elementor-heading-title elementor-size-default\">Kontakt:<\/h3>\t\t\t\t<\/div>\n\t\t\t\t<\/div>\n\t\t\t\t<div class=\"elementor-element elementor-element-9f75923 elementor-widget elementor-widget-text-editor\" data-id=\"9f75923\" data-element_type=\"widget\" data-e-type=\"widget\" data-widget_type=\"text-editor.default\">\n\t\t\t\t<div class=\"elementor-widget-container\">\n\t\t\t\t\t\t\t\t\tAko imate bilo kakvih pitanja ili \u017eelite iskoristiti svoja prava u vezi sa svojim li\u010dnim podacima, molimo vas\nda nas kontaktirate putem <span style=\"color: #2a2a2a; font-weight: 600;\">\n  <a href=\"mailto:petifyserbia@gmail.com\" style=\"color: inherit; text-decoration: none;\">petifyserbia@gmail.com<\/a>\n<\/span>.\t\t\t\t\t\t\t\t<\/div>\n\t\t\t\t<\/div>\n\t\t\t\t<div class=\"elementor-element elementor-element-6a8557b elementor-widget elementor-widget-heading\" data-id=\"6a8557b\" data-element_type=\"widget\" data-e-type=\"widget\" data-widget_type=\"heading.default\">\n\t\t\t\t<div class=\"elementor-widget-container\">\n\t\t\t\t\t<h3 class=\"elementor-heading-title elementor-size-default\">Izmene u Politici privatnosti:<\/h3>\t\t\t\t<\/div>\n\t\t\t\t<\/div>\n\t\t\t\t<div class=\"elementor-element elementor-element-c917ce9 elementor-widget elementor-widget-text-editor\" data-id=\"c917ce9\" data-element_type=\"widget\" data-e-type=\"widget\" data-widget_type=\"text-editor.default\">\n\t\t\t\t<div class=\"elementor-widget-container\">\n\t\t\t\t\t\t\t\t\t<p><span dir=\"ltr\" role=\"presentation\">Ova Politika privatnosti mo\u017ee se povremeno a\u017eurirati kako bi odra\u017eavala promene u na\u0161im praksama ili<\/span><br role=\"presentation\" \/><span dir=\"ltr\" role=\"presentation\">zakonskim zahtevima. Molimo vas da redovno proveravate ovu stranicu radi najnovijih informacija.<\/span><br role=\"presentation\" \/><span dir=\"ltr\" role=\"presentation\">Kori\u0161\u0107enjem<\/span> <span dir=\"ltr\" role=\"presentation\">na\u0161eg sajta, pristajete na obradu va\u0161ih<\/span> <span dir=\"ltr\" role=\"presentation\">li\u010dnih<\/span> <span dir=\"ltr\" role=\"presentation\">podataka u skladu s ovom Politikom<\/span><br role=\"presentation\" \/><span dir=\"ltr\" role=\"presentation\">privatnosti.<\/span><\/p>\t\t\t\t\t\t\t\t<\/div>\n\t\t\t\t<\/div>\n\t\t\t\t\t<\/div>\n\t\t\t\t<\/div>\n\t\t\t\t<\/div>","protected":false},"excerpt":{"rendered":"<p>Politika privatnosti Hvala vam \u0161to pose\u0107ujete na\u0161 sajt. Va\u0161a privatnost je od velike va\u017enosti za nas. Ova Politika privatnostiobja\u0161njava koje vrste li\u010dnih podataka prikupljamo i kako ih koristimo. Ko smo mi? Adresa na\u0161e veb lokacije je: https:\/\/petifyrs.com Koje informacije prikupljamo? Li\u010dni podaci: Kada koristite na\u0161 sajt, mo\u017eemo prikupljati odre\u0111ene li\u010dne podatke kao \u0161to su va\u0161e [&hellip;]<\/p>\n","protected":false},"author":1,"featured_media":0,"parent":0,"menu_order":0,"comment_status":"closed","ping_status":"closed","template":"","meta":{"_acf_changed":false,"footnotes":""},"class_list":["post-2875","page","type-page","status-publish","hentry"],"acf":[],"yoast_head":"<!-- This site is optimized with the Yoast SEO plugin v27.5 - https:\/\/yoast.com\/product\/yoast-seo-wordpress\/ -->\n<title>Petify | Politika privatnosti<\/title>\n<meta name=\"robots\" content=\"index, follow, max-snippet:-1, max-image-preview:large, max-video-preview:-1\" \/>\n<link rel=\"canonical\" href=\"https:\/\/petifyrs.com\/en\/politika-privatnosti\/\" \/>\n<meta property=\"og:locale\" content=\"en_US\" \/>\n<meta property=\"og:type\" content=\"article\" \/>\n<meta property=\"og:title\" content=\"Petify | Politika privatnosti\" \/>\n<meta property=\"og:description\" content=\"Politika privatnosti Hvala vam \u0161to pose\u0107ujete na\u0161 sajt. Va\u0161a privatnost je od velike va\u017enosti za nas. Ova Politika privatnostiobja\u0161njava koje vrste li\u010dnih podataka prikupljamo i kako ih koristimo. Ko smo mi? Adresa na\u0161e veb lokacije je: https:\/\/petifyrs.com Koje informacije prikupljamo? Li\u010dni podaci: Kada koristite na\u0161 sajt, mo\u017eemo prikupljati odre\u0111ene li\u010dne podatke kao \u0161to su va\u0161e [&hellip;]\" \/>\n<meta property=\"og:url\" content=\"https:\/\/petifyrs.com\/en\/politika-privatnosti\/\" \/>\n<meta property=\"og:site_name\" content=\"Petify\" \/>\n<meta property=\"article:publisher\" content=\"https:\/\/www.facebook.com\/profile.php?id=61557316136357&amp;mibextid=YMEMSu\" \/>\n<meta property=\"article:modified_time\" content=\"2024-05-29T09:46:19+00:00\" \/>\n<meta name=\"twitter:card\" content=\"summary_large_image\" \/>\n<meta name=\"twitter:label1\" content=\"Est. reading time\" \/>\n\t<meta name=\"twitter:data1\" content=\"2 minutes\" \/>\n<!-- \/ Yoast SEO plugin. -->","yoast_head_json":{"title":"Petify | Politika privatnosti","robots":{"index":"index","follow":"follow","max-snippet":"max-snippet:-1","max-image-preview":"max-image-preview:large","max-video-preview":"max-video-preview:-1"},"canonical":"https:\/\/petifyrs.com\/en\/politika-privatnosti\/","og_locale":"en_US","og_type":"article","og_title":"Petify | Politika privatnosti","og_description":"Politika privatnosti Hvala vam \u0161to pose\u0107ujete na\u0161 sajt. Va\u0161a privatnost je od velike va\u017enosti za nas. Ova Politika privatnostiobja\u0161njava koje vrste li\u010dnih podataka prikupljamo i kako ih koristimo. Ko smo mi? Adresa na\u0161e veb lokacije je: https:\/\/petifyrs.com Koje informacije prikupljamo? Li\u010dni podaci: Kada koristite na\u0161 sajt, mo\u017eemo prikupljati odre\u0111ene li\u010dne podatke kao \u0161to su va\u0161e [&hellip;]","og_url":"https:\/\/petifyrs.com\/en\/politika-privatnosti\/","og_site_name":"Petify","article_publisher":"https:\/\/www.facebook.com\/profile.php?id=61557316136357&mibextid=YMEMSu","article_modified_time":"2024-05-29T09:46:19+00:00","twitter_card":"summary_large_image","twitter_misc":{"Est. reading time":"2 minutes"},"schema":{"@context":"https:\/\/schema.org","@graph":[{"@type":"WebPage","@id":"https:\/\/petifyrs.com\/politika-privatnosti\/","url":"https:\/\/petifyrs.com\/politika-privatnosti\/","name":"Petify | Politika privatnosti","isPartOf":{"@id":"https:\/\/petifyrs.com\/#website"},"datePublished":"2024-05-27T14:13:06+00:00","dateModified":"2024-05-29T09:46:19+00:00","breadcrumb":{"@id":"https:\/\/petifyrs.com\/politika-privatnosti\/#breadcrumb"},"inLanguage":"en-US","potentialAction":[{"@type":"ReadAction","target":["https:\/\/petifyrs.com\/politika-privatnosti\/"]}]},{"@type":"BreadcrumbList","@id":"https:\/\/petifyrs.com\/politika-privatnosti\/#breadcrumb","itemListElement":[{"@type":"ListItem","position":1,"name":"Po\u010detna","item":"https:\/\/petifyrs.com\/"},{"@type":"ListItem","position":2,"name":"Politika privatnosti"}]},{"@type":"WebSite","@id":"https:\/\/petifyrs.com\/#website","url":"https:\/\/petifyrs.com\/","name":"Petify","description":"Prva aplikacija za online zakazivanje salona za pse","publisher":{"@id":"https:\/\/petifyrs.com\/#organization"},"potentialAction":[{"@type":"SearchAction","target":{"@type":"EntryPoint","urlTemplate":"https:\/\/petifyrs.com\/?s={search_term_string}"},"query-input":{"@type":"PropertyValueSpecification","valueRequired":true,"valueName":"search_term_string"}}],"inLanguage":"en-US"},{"@type":"Organization","@id":"https:\/\/petifyrs.com\/#organization","name":"Petify","url":"https:\/\/petifyrs.com\/","logo":{"@type":"ImageObject","inLanguage":"en-US","@id":"https:\/\/petifyrs.com\/#\/schema\/logo\/image\/","url":"https:\/\/petifyrs.com\/wp-content\/uploads\/2024\/05\/Group-2-1-1.png","contentUrl":"https:\/\/petifyrs.com\/wp-content\/uploads\/2024\/05\/Group-2-1-1.png","width":237,"height":46,"caption":"Petify"},"image":{"@id":"https:\/\/petifyrs.com\/#\/schema\/logo\/image\/"},"sameAs":["https:\/\/www.facebook.com\/profile.php?id=61557316136357&mibextid=YMEMSu","https:\/\/www.tiktok.com\/@petifyrs?_t=8mLE86xgbJu&_r=1","https:\/\/www.instagram.com\/petifyrs\/?igsh=cTg0NGsyYTZ0emJp"]}]}},"_links":{"self":[{"href":"https:\/\/petifyrs.com\/en\/wp-json\/wp\/v2\/pages\/2875","targetHints":{"allow":["GET"]}}],"collection":[{"href":"https:\/\/petifyrs.com\/en\/wp-json\/wp\/v2\/pages"}],"about":[{"href":"https:\/\/petifyrs.com\/en\/wp-json\/wp\/v2\/types\/page"}],"author":[{"embeddable":true,"href":"https:\/\/petifyrs.com\/en\/wp-json\/wp\/v2\/users\/1"}],"replies":[{"embeddable":true,"href":"https:\/\/petifyrs.com\/en\/wp-json\/wp\/v2\/comments?post=2875"}],"version-history":[{"count":20,"href":"https:\/\/petifyrs.com\/en\/wp-json\/wp\/v2\/pages\/2875\/revisions"}],"predecessor-version":[{"id":3316,"href":"https:\/\/petifyrs.com\/en\/wp-json\/wp\/v2\/pages\/2875\/revisions\/3316"}],"wp:attachment":[{"href":"https:\/\/petifyrs.com\/en\/wp-json\/wp\/v2\/media?parent=2875"}],"curies":[{"name":"wp","href":"https:\/\/api.w.org\/{rel}","templated":true}]}}