{"id":2878,"date":"2024-05-27T14:14:10","date_gmt":"2024-05-27T14:14:10","guid":{"rendered":"https:\/\/petifyrs.com\/?page_id=2878"},"modified":"2024-05-29T10:12:31","modified_gmt":"2024-05-29T10:12:31","slug":"uslovi-koriscenja","status":"publish","type":"page","link":"https:\/\/petifyrs.com\/en\/uslovi-koriscenja\/","title":{"rendered":"Terms of use"},"content":{"rendered":"<div data-elementor-type=\"wp-page\" data-elementor-id=\"2878\" class=\"elementor elementor-2878\" data-elementor-post-type=\"page\">\n\t\t\t\t<div class=\"elementor-element elementor-element-8ae31f3 e-flex e-con-boxed e-con e-parent\" data-id=\"8ae31f3\" data-element_type=\"container\" data-e-type=\"container\" data-settings=\"{&quot;background_background&quot;:&quot;classic&quot;}\">\n\t\t\t\t\t<div class=\"e-con-inner\">\n\t\t\t\t<div class=\"elementor-element elementor-element-02c4819 elementor-widget elementor-widget-heading\" data-id=\"02c4819\" data-element_type=\"widget\" data-e-type=\"widget\" data-widget_type=\"heading.default\">\n\t\t\t\t<div class=\"elementor-widget-container\">\n\t\t\t\t\t<h2 class=\"elementor-heading-title elementor-size-default\">Terms of use<\/h2>\t\t\t\t<\/div>\n\t\t\t\t<\/div>\n\t\t\t\t<div class=\"elementor-element elementor-element-ce6fca5 elementor-widget elementor-widget-text-editor\" data-id=\"ce6fca5\" data-element_type=\"widget\" data-e-type=\"widget\" data-widget_type=\"text-editor.default\">\n\t\t\t\t<div class=\"elementor-widget-container\">\n\t\t\t\t\t\t\t\t\tDobrodo\u0161li na na\u0161u veb lokaciju. Ako nastavite da koristite ovu veb lokaciju, sla\u017eete se da ste pro\u010ditali, razumeli i prihvatili slede\u0107e uslove kori\u0161\u0107enja. Ako se ne sla\u017eete sa nekim od ovih uslova, molimo vas da ne koristite ovu veb lokaciju.\n<br\/>\n<br\/>\n<span style=\"font-weight:600\">1. Kori\u0161\u0107enje veb lokacije:<\/span>\nKori\u0161\u0107enjem ove veb lokacije pristajete da je koristite samo u skladu sa ovim uslovima kori\u0161\u0107enja, svim primenjivim zakonima i propisima i da se sla\u017eete da ste odgovorni za po\u0161tovanje svih lokalnih zakona koji se primenjuju.\n<br\/>\n<br\/>\n<span style=\"font-weight:600\">2. Intelektualna svojina:<\/span>\nSadr\u017eaj na ovoj veb lokaciji, uklju\u010duju\u0107i, ali ne ograni\u010davaju\u0107i se na tekst, grafiku, logotipe, ikone slika, audio snimke, digitalne preuzimanja i softver, vlasni\u0161tvo je ove veb lokacije i za\u0161ti\u0107en je me\u0111unarodnim zakonima o autorskim pravima.\n<br\/>\n<br\/>\n<span style=\"font-weight:600\">3. Korisni\u010dki sadr\u017eaj:<\/span>\nKorisnici koji doprinose sadr\u017eaju na ovoj veb lokaciji potvr\u0111uju da imaju prava na taj sadr\u017eaj i da im se dozvoljava njegovo javno objavljivanje. Svi korisni\u010dki doprinosi podle\u017eu pregledu i odobrenju od strane administratora ove veb lokacije.\n<br\/>\n<br\/>\n<span style=\"font-weight:600\">4. Linkovi ka drugim veb lokacijama:<\/span>\nOva veb lokacija mo\u017ee sadr\u017eavati linkove ka drugim veb lokacijama koje nisu pod na\u0161om kontrolom. Ne snosimo odgovornost za sadr\u017eaj ili pravila privatnosti tih veb lokacija.\n<br\/>\n<br\/>\n<span style=\"font-weight:600\">5. Promene uslova kori\u0161\u0107enja:<\/span>\nZadr\u017eavamo pravo da povremeno izmenimo ove uslove kori\u0161\u0107enja. Promene \u0107e biti odmah stupile na snagu nakon objavljivanja na ovoj veb lokaciji.\n<br\/>\n<br\/>\n<span style=\"font-weight:600\">6. Kontakt informacije:<\/span>\nAko imate pitanja ili nedoumice u vezi sa ovim uslovima kori\u0161\u0107enja, mo\u017eete nas kontaktirati putem: <a href=\"mailto:petifyserbia@gmail.com\" style=\"font-weight: 600;color:#2A2A2A\">petifyserbia@gmail.com<\/a>\n.\t\t\t\t\t\t\t\t<\/div>\n\t\t\t\t<\/div>\n\t\t\t\t\t<\/div>\n\t\t\t\t<\/div>\n\t\t\t\t<\/div>","protected":false},"excerpt":{"rendered":"<p>Uslovi kori\u0161\u0107enja Dobrodo\u0161li na na\u0161u veb lokaciju. Ako nastavite da koristite ovu veb lokaciju, sla\u017eete se da ste pro\u010ditali, razumeli i prihvatili slede\u0107e uslove kori\u0161\u0107enja. Ako se ne sla\u017eete sa nekim od ovih uslova, molimo vas da ne koristite ovu veb lokaciju. 1. Kori\u0161\u0107enje veb lokacije: Kori\u0161\u0107enjem ove veb lokacije pristajete da je koristite samo [&hellip;]<\/p>\n","protected":false},"author":1,"featured_media":0,"parent":0,"menu_order":0,"comment_status":"closed","ping_status":"closed","template":"","meta":{"_acf_changed":false,"footnotes":""},"class_list":["post-2878","page","type-page","status-publish","hentry"],"acf":[],"yoast_head":"<!-- This site is optimized with the Yoast SEO plugin v27.5 - https:\/\/yoast.com\/product\/yoast-seo-wordpress\/ -->\n<title>Petify | Uslovi kori\u0161\u0107enja<\/title>\n<meta name=\"robots\" content=\"index, follow, max-snippet:-1, max-image-preview:large, max-video-preview:-1\" \/>\n<link rel=\"canonical\" href=\"https:\/\/petifyrs.com\/en\/uslovi-koriscenja\/\" \/>\n<meta property=\"og:locale\" content=\"en_US\" \/>\n<meta property=\"og:type\" content=\"article\" \/>\n<meta property=\"og:title\" content=\"Petify | Uslovi kori\u0161\u0107enja\" \/>\n<meta property=\"og:description\" content=\"Uslovi kori\u0161\u0107enja Dobrodo\u0161li na na\u0161u veb lokaciju. Ako nastavite da koristite ovu veb lokaciju, sla\u017eete se da ste pro\u010ditali, razumeli i prihvatili slede\u0107e uslove kori\u0161\u0107enja. Ako se ne sla\u017eete sa nekim od ovih uslova, molimo vas da ne koristite ovu veb lokaciju. 1. Kori\u0161\u0107enje veb lokacije: Kori\u0161\u0107enjem ove veb lokacije pristajete da je koristite samo [&hellip;]\" \/>\n<meta property=\"og:url\" content=\"https:\/\/petifyrs.com\/en\/uslovi-koriscenja\/\" \/>\n<meta property=\"og:site_name\" content=\"Petify\" \/>\n<meta property=\"article:publisher\" content=\"https:\/\/www.facebook.com\/profile.php?id=61557316136357&amp;mibextid=YMEMSu\" \/>\n<meta property=\"article:modified_time\" content=\"2024-05-29T10:12:31+00:00\" \/>\n<meta name=\"twitter:card\" content=\"summary_large_image\" \/>\n<meta name=\"twitter:label1\" content=\"Est. reading time\" \/>\n\t<meta name=\"twitter:data1\" content=\"2 minutes\" \/>\n<!-- \/ Yoast SEO plugin. -->","yoast_head_json":{"title":"Petify | Uslovi kori\u0161\u0107enja","robots":{"index":"index","follow":"follow","max-snippet":"max-snippet:-1","max-image-preview":"max-image-preview:large","max-video-preview":"max-video-preview:-1"},"canonical":"https:\/\/petifyrs.com\/en\/uslovi-koriscenja\/","og_locale":"en_US","og_type":"article","og_title":"Petify | Uslovi kori\u0161\u0107enja","og_description":"Uslovi kori\u0161\u0107enja Dobrodo\u0161li na na\u0161u veb lokaciju. Ako nastavite da koristite ovu veb lokaciju, sla\u017eete se da ste pro\u010ditali, razumeli i prihvatili slede\u0107e uslove kori\u0161\u0107enja. Ako se ne sla\u017eete sa nekim od ovih uslova, molimo vas da ne koristite ovu veb lokaciju. 1. Kori\u0161\u0107enje veb lokacije: Kori\u0161\u0107enjem ove veb lokacije pristajete da je koristite samo [&hellip;]","og_url":"https:\/\/petifyrs.com\/en\/uslovi-koriscenja\/","og_site_name":"Petify","article_publisher":"https:\/\/www.facebook.com\/profile.php?id=61557316136357&mibextid=YMEMSu","article_modified_time":"2024-05-29T10:12:31+00:00","twitter_card":"summary_large_image","twitter_misc":{"Est. reading time":"2 minutes"},"schema":{"@context":"https:\/\/schema.org","@graph":[{"@type":"WebPage","@id":"https:\/\/petifyrs.com\/uslovi-koriscenja\/","url":"https:\/\/petifyrs.com\/uslovi-koriscenja\/","name":"Petify | Uslovi kori\u0161\u0107enja","isPartOf":{"@id":"https:\/\/petifyrs.com\/#website"},"datePublished":"2024-05-27T14:14:10+00:00","dateModified":"2024-05-29T10:12:31+00:00","breadcrumb":{"@id":"https:\/\/petifyrs.com\/uslovi-koriscenja\/#breadcrumb"},"inLanguage":"en-US","potentialAction":[{"@type":"ReadAction","target":["https:\/\/petifyrs.com\/uslovi-koriscenja\/"]}]},{"@type":"BreadcrumbList","@id":"https:\/\/petifyrs.com\/uslovi-koriscenja\/#breadcrumb","itemListElement":[{"@type":"ListItem","position":1,"name":"Po\u010detna","item":"https:\/\/petifyrs.com\/"},{"@type":"ListItem","position":2,"name":"Uslovi kori\u0161\u0107enja"}]},{"@type":"WebSite","@id":"https:\/\/petifyrs.com\/#website","url":"https:\/\/petifyrs.com\/","name":"Petify","description":"Prva aplikacija za online zakazivanje salona za pse","publisher":{"@id":"https:\/\/petifyrs.com\/#organization"},"potentialAction":[{"@type":"SearchAction","target":{"@type":"EntryPoint","urlTemplate":"https:\/\/petifyrs.com\/?s={search_term_string}"},"query-input":{"@type":"PropertyValueSpecification","valueRequired":true,"valueName":"search_term_string"}}],"inLanguage":"en-US"},{"@type":"Organization","@id":"https:\/\/petifyrs.com\/#organization","name":"Petify","url":"https:\/\/petifyrs.com\/","logo":{"@type":"ImageObject","inLanguage":"en-US","@id":"https:\/\/petifyrs.com\/#\/schema\/logo\/image\/","url":"https:\/\/petifyrs.com\/wp-content\/uploads\/2024\/05\/Group-2-1-1.png","contentUrl":"https:\/\/petifyrs.com\/wp-content\/uploads\/2024\/05\/Group-2-1-1.png","width":237,"height":46,"caption":"Petify"},"image":{"@id":"https:\/\/petifyrs.com\/#\/schema\/logo\/image\/"},"sameAs":["https:\/\/www.facebook.com\/profile.php?id=61557316136357&mibextid=YMEMSu","https:\/\/www.tiktok.com\/@petifyrs?_t=8mLE86xgbJu&_r=1","https:\/\/www.instagram.com\/petifyrs\/?igsh=cTg0NGsyYTZ0emJp"]}]}},"_links":{"self":[{"href":"https:\/\/petifyrs.com\/en\/wp-json\/wp\/v2\/pages\/2878","targetHints":{"allow":["GET"]}}],"collection":[{"href":"https:\/\/petifyrs.com\/en\/wp-json\/wp\/v2\/pages"}],"about":[{"href":"https:\/\/petifyrs.com\/en\/wp-json\/wp\/v2\/types\/page"}],"author":[{"embeddable":true,"href":"https:\/\/petifyrs.com\/en\/wp-json\/wp\/v2\/users\/1"}],"replies":[{"embeddable":true,"href":"https:\/\/petifyrs.com\/en\/wp-json\/wp\/v2\/comments?post=2878"}],"version-history":[{"count":19,"href":"https:\/\/petifyrs.com\/en\/wp-json\/wp\/v2\/pages\/2878\/revisions"}],"predecessor-version":[{"id":3351,"href":"https:\/\/petifyrs.com\/en\/wp-json\/wp\/v2\/pages\/2878\/revisions\/3351"}],"wp:attachment":[{"href":"https:\/\/petifyrs.com\/en\/wp-json\/wp\/v2\/media?parent=2878"}],"curies":[{"name":"wp","href":"https:\/\/api.w.org\/{rel}","templated":true}]}}